{"id":19385,"date":"2024-02-14T16:00:55","date_gmt":"2024-02-14T15:00:55","guid":{"rendered":"https:\/\/cibusalus.eu\/privacy-policy\/"},"modified":"2024-09-10T16:37:59","modified_gmt":"2024-09-10T14:37:59","slug":"privacy-policy","status":"publish","type":"page","link":"https:\/\/cibusalus.eu\/en\/privacy-policy\/","title":{"rendered":"Privacy Policy"},"content":{"rendered":"&#13;\n<h2 class=\"wp-block-heading\">Privacy Notice for Application and Employment in accordance with the General Data Protection Regulation (&#8220;GDPR&#8221;)<\/h2>&#13;\n<h3>About Us<\/h3>&#13;\n<p>La societ\u00e0 CIBUSALUS S.r.l.<strong>\u00a0(<\/strong>d\u2019ora in poi<strong>\u00a0\u201cCibuSalus<\/strong>\u201d o la<strong>\u00a0\u201cSociet\u00e0\u201d),\u00a0<\/strong>titolare del trattamento dei dati personali raccolti sul sito web www.cibusalus.eu (di seguito anche solo il\u00a0<strong>\u201csito web\u201d<\/strong>), nello svolgimento della propria attivit\u00e0 pone la massima attenzione alla sicurezza e alla riservatezza dei dati personali.<\/p>&#13;\n<h3>What Personal Data May Be Collected About You<br\/><\/h3>&#13;\n<p>Possono essere raccolte le seguenti categorie di dati personali che La riguardano (con il termine \u201cdati personali\u201d si intenderanno tutte le categorie di seguito riportate, congiuntamente considerate):<\/p>&#13;\n<ul>&#13;\n<li><strong>Dati di contatto<\/strong>\u2013 informazioni relative al nome e indirizzo e-mail;<\/li>&#13;\n<li><strong>Dati del\u00a0<em>Curriculum Vitae<\/em><\/strong>\u2013 le informazioni relative ai dati anagrafici (come ad esempio nome, cognome, indirizzo, data e luogo di nascita),quelle relative alla formazione (come, ad esempio, il titolo di studi, eventuali specializzazioni, conoscenze linguistiche), dati inviati presenti nel curriculum, lettere, campioni di scrittura o altri materiali scritti (comprese le fotografie e i video), nonch\u00e9 tutti gli altri dati spontaneamente inseriti all\u2019interno del\u00a0<em>Curriculum Vitae\u00a0<\/em>caricato nel sito web attraverso l\u2019apposita form;<\/li>&#13;\n<li><strong>Dati personali particolari <\/strong>\u2013 le informazioni relative alla salute, disabilit\u00e0 o esigenze particolari, se applicabili;<\/li>&#13;\n<li><strong>Altri dati\u00a0<\/strong>\u2013 tutti gli altri dati e informazioni che Lei spontaneamente fornisce attraverso i campi testo nelle form \u201cContatti\u201d e \u201cCareers\u201d.<\/li>&#13;\n<li><strong>Utilizzo del sito<\/strong><strong>web\u00a0<\/strong>\u2013 informazioni relative alle modalit\u00e0 con cui utilizza il sito web, apre o inoltra le nostre comunicazioni, incluse le informazioni raccolte tramite cookie (pu\u00f2 trovare la nostra Informativa sui Cookie\u00a0<a href=\"https:\/\/www.sinloc.com\/cookie-policy\/\">qui<\/a>).<\/li>&#13;\n<\/ul>&#13;\n<h4>How We Collect Your Personal Data<\/h4>&#13;\n<p>La Societ\u00e0\u00a0raccoglie e tratta i Suoi dati personali nelle seguenti circostanze:<\/p>&#13;\n<ul>&#13;\n<li>se Lei ci contatta per formulare una richiesta attraverso la form \u201cContatti\u201d;<\/li>&#13;\n<li>se Lei sottopone una candidatura per una posizione aperta presso la Societ\u00e0, attraverso la form \u201cCareers\u201d;<\/li>&#13;\n<li>se acconsente all\u2019invio di una newsletter periodica.<\/li>&#13;\n<\/ul>&#13;\n<p>La Societ\u00e0 Le chiede di aiutarla a mantenere aggiornati i Suoi dati personali, informandola di qualsiasi modifica.<\/p>&#13;\n<h3>For What Purposes Your Personal Data May Be Used<\/h3>&#13;\n<p>La Societ\u00e0 potr\u00e0 trattare i Suoi dati personali per una o pi\u00f9 delle seguenti finalit\u00e0, sulla base del presupposto giuridico di volta in volta indicato.<\/p>&#13;\n<ul>&#13;\n<li><strong>a) Riscontro ad una richiesta formulata attraverso il sito web<\/strong><\/li>&#13;\n<\/ul>&#13;\n<p>La Societ\u00e0 pu\u00f2 trattare i Suoi dati personali fine di riscontrare le richieste che Lei pu\u00f2 formulare attraverso il sito web, compilando l\u2019apposita\u00a0<em>form<\/em>\u00a0presente nella pagina \u201cContatti\u201d.<\/p>&#13;\n<p>Presupposto per il trattamento: esecuzione di obblighi contrattuali\/precontrattuali.<\/p>&#13;\n<p>Il conferimento dei dati \u00e8 obbligatorio per gestire la Sua richiesta: in difetto non potremo darvi corso.<\/p>&#13;\n<ul>&#13;\n<li><strong>b) Valutazione del profilo professionale del candidato \u00a0<\/strong><\/li>&#13;\n<\/ul>&#13;\n<p>La Societ\u00e0 pu\u00f2 trattare i Dati del\u00a0<strong><em>Curriculum Vitae<\/em><\/strong>, qualora Lei sottoponga la Sua candidatura attraverso l\u2019apposita\u00a0<em>form<\/em>\u00a0presente alla pagina \u201cCareers\u201d, al fine di valutare la Sua idoneit\u00e0 all\u2019impiego per il ruolo per il quale si sta candidando, cos\u00ec come i ruoli futuri che potrebbero diventare disponibili., La raccolta ed il trattamento del Suoi dati sono necessari per l\u2019attivit\u00e0 di ricerca e selezione di personale della Societ\u00e0. In tal caso La preghiamo di non includere nella Sua candidatura alcuna categoria particolare di dati, salvo che ci\u00f2 non sia espressamente richiesto in ragione del tipo di candidatura, come nel caso di posizioni riservate a specifiche categorie; fuori da tale ipotesi, laddove tali dati fossero presenti, la Societ\u00e0 provveder\u00e0 immediatamente alla loro cancellazione e non proceder\u00e0 ulteriormente al loro trattamento.<\/p>&#13;\n<p>Presupposto per il trattamento:\u00a0esecuzione di obblighi precontrattuali.<\/p>&#13;\n<p>Il conferimento dei dati \u00e8 obbligatorio per rispondere alle Sue richieste: in difetto non potremo darvi corso.<\/p>&#13;\n<p>Quanto alle eventuali categorie particolari di dati, se presenti nei limiti indicati sopra, il loro trattamento \u00e8 legittimato ai sensi dell\u2019art. 9, comma 2, lettera b) del GDPR.<\/p>&#13;\n<ul>&#13;\n<li><strong>c) Invio di newsletter periodica<\/strong><\/li>&#13;\n<\/ul>&#13;\n<p>Qualora sia interessato e previo specifico consenso, verr\u00e0 inserito in un database al fine di poter ricevere future comunicazioni via e-mail riguardo ad opportunit\u00e0 aperte in CibuSalus, eventi e altre informazioni rilevanti che possano essere di Suo interesse.<\/p>&#13;\n<p>La Societ\u00e0, inoltre, potrebbe trattare i Suoi Dati di contatto per finalit\u00e0 di marketing e comunicazione pubblicitaria, al fine di inviarLe una newsletter periodica, volta a tenerLa aggiornata su prodotti e servizi, o iniziative promosse dalla Societ\u00e0, laddove Lei fornisca spontaneamente la Sua e-mail all\u2019interno del box dedicato all\u2019interno del sito web.<\/p>&#13;\n<p>Presupposto per il trattamento: il legittimo interesse della Societ\u00e0 di instaurare e mantenere un efficace rapporto con Lei.<\/p>&#13;\n<p>Potr\u00e0 in ogni caso scegliere di interrompere la ricezione di ogni comunicazione di marketing da parte di CibuSalus, cliccando sull\u2019apposito link presente all\u2019interno di ciascuna newsletter<strong><em>.<\/em><\/strong><\/p>&#13;\n<ul>&#13;\n<li><strong>d) Conformit\u00e0 alle richieste giuridicamente vincolanti per adempiere un obbligo legale, regolamenti o provvedimenti dell\u2019autorit\u00e0 giudiziaria, nonch\u00e9 per difendere un diritto in sede giudiziaria<\/strong><\/li>&#13;\n<\/ul>&#13;\n<p>La Societ\u00e0 potrebbe trattare i Suoi dati personali per adempiere un obbligo legale e\/o per difendere un proprio diritto in sede giudiziaria.<\/p>&#13;\n<p>Presupposto per il trattamento:\u00a0obblighi di legge, cui la Societ\u00e0 \u00e8 obbligata a ottemperare.<\/p>&#13;\n<h3>How We Keep Your Data Secure<\/h3>&#13;\n<p>La Societ\u00e0 utilizza adeguate misure di sicurezza al fine di migliorare la protezione, la sicurezza, l\u2019integrit\u00e0 e l\u2019accessibilit\u00e0 dei Suoi dati personali.<\/p>&#13;\n<p>Tutti i Suoi dati personali sono conservati sul nostro Cloud aziendale protetto (o copie cartacee idoneamente archiviate attraverso specifiche modalit\u00e0 di protezione) o su quelli dei nostri fornitori, e sono accessibili ed utilizzabili in base ai nostri standard e alle nostre policy di sicurezza (o standard equivalenti per i nostri fornitori).<\/p>&#13;\n<h3>How Long We Retain Your Data<\/h3>&#13;\n<p>La Societ\u00e0 conserva i Suoi dati personali solo per il tempo necessario al conseguimento delle finalit\u00e0 per le quali sono stati raccolti o per qualsiasi altra legittima finalit\u00e0 collegata.<\/p>&#13;\n<p>Se Le viene data e accettate un\u2019offerta di lavoro da parte di CibuSalus, i dati personali raccolti durante il periodo di pre-assunzione diventeranno parte dei registri del personale di CibuSalus, da conservare per tutto il periodo successivo al rapporto di lavoro con CibuSalus.<\/p>&#13;\n<p>Se l\u2019assunzione non dovesse andare a buon fine, CibuSalus potr\u00e0 comunque continuare a conservare e utilizzare i dati personali raccolti durante il processo di recruiting al fine di prendere in considerazione nuove posizioni e, eventualmente, fare riferimento a una candidatura precedente se invia un curriculum in futuro.<\/p>&#13;\n<p>CibuSalus determina il periodo di conservazione delle informazioni in base ai seguenti criteri di conservazione:<\/p>&#13;\n<ul>&#13;\n<li>CibuSalus conserva i Suoi dati personali finch\u00e9 intrattiene rapporti continui con Lei;<\/li>&#13;\n<li>CibuSalus conserva i Suoi dati personali, per tutto il tempo consentito dalla legge applicabile, per confrontarli con future posizioni aperte di cui potremmo volerLa informare;<\/li>&#13;\n<li>CibuSalus conserva i Suoi dati personali laddove richiesto da un obbligo legale a cui \u00e8 soggetta.<\/li>&#13;\n<\/ul>&#13;\n<p>I Suoi dati personali che non siano pi\u00f9 necessari, o per i quali non vi sia pi\u00f9 un presupposto giuridico per la relativa conservazione, verranno anonimizzati irreversibilmente o distrutti in modo sicuro.<\/p>&#13;\n<h3>With Whom We Share Your Data<\/h3>&#13;\n<p>In generale, l\u2019accesso ai Suoi dati personali sar\u00e0 limitato per ridurre al minimo il numero di persone nell\u2019organizzazione di CibuSalus che ne hanno bisogno per gli scopi indicati nella presente informativa sulla privacy, che pu\u00f2 includere i Suoi potenziali futuri manager, i loro designati e il personale in Risorse umane.<\/p>&#13;\n<p>Ai Suoi dati personali, inoltre, possono avere accesso i dipendenti debitamente autorizzati, nonch\u00e9 i fornitori esterni, nominati, se necessario, responsabili del trattamento, che forniscono supporto per l\u2019erogazione dei servizi, inclusi quelli necessari al funzionamento del sito web.<\/p>&#13;\n<p>Infine, i Suoi Dati personali oggetto della presente informativa potranno essere trasferiti dalla Societ\u00e0 nell&#8217;ambito del Gruppo Sinloc sulla base del Considerando n. 48 GDPR<\/p>&#13;\n<p>La preghiamo di contattarci\u00a0all\u2019indirizzo e-mail <a href=\"mailto:info@cibusalus.eu\">info@cibusalus.eu<\/a>,\u00a0se desidera chiedere di poter visionare la lista dei responsabili del trattamento e degli altri soggetti cui comunichiamo i dati.<\/p>&#13;\n<h3>Intragroup Personnel<\/h3>&#13;\n<p>Le ricerche svolte internamente tra il personale di CibuSalus ovvero tra il personale delle societ\u00e0 del Gruppo perseguono essenzialmente i seguenti obiettivi:<\/p>&#13;\n<ul>&#13;\n<li>valorizzare le competenze e l\u2019esperienza del personale del Gruppo;<\/li>&#13;\n<li>assicurare occasioni di mobilit\u00e0, soprattutto nell\u2019ambito del personale operativo;<\/li>&#13;\n<li>ottimizzare le risorse umane del Gruppo.<\/li>&#13;\n<\/ul>&#13;\n<p>Pertanto, i Dati da Lei forniti verranno trattati da CibuSalus S.r.l. tenendo conto delle posizioni professionali da ricoprire anche all\u2019interno del Gruppo.<\/p>&#13;\n<h3>Contact<\/h3>&#13;\n<p>I dati di contatto della Societ\u00e0, quale titolare del trattamento\u00a0possono essere trovati www.cibusalus.eu\/contatti.<\/p>&#13;\n<p>Per qualsiasi necessit\u00e0 in merito al trattamento dei Suoi dati personali, La Societ\u00e0 Le chiede di utilizzare l\u2019indirizzo e-mail:<a href=\"mailto:&#xA0;info@cibusalus.eu\">\u00a0info@cibusalus.eu<\/a><\/p>&#13;\n<h3>Your Data Protection Rights and Your Right to Lodge Complaints with the Supervisory Authority<\/h3>&#13;\n<p>A certe condizioni Lei ha il diritto di chiedere alla Societ\u00e0:<\/p>&#13;\n<ul>&#13;\n<li>l\u2019accesso ai Suoi dati personali;<\/li>&#13;\n<li>la copia dei dati personali che Lei ci ha fornito (c.d. portabilit\u00e0),<\/li>&#13;\n<li>la rettifica dei dati in nostro possesso;<\/li>&#13;\n<li>la cancellazione di qualsiasi dato per il quale la Societ\u00e0 non ha pi\u00f9 alcun presupposto giuridico per il trattamento;<\/li>&#13;\n<li>l\u2019opposizione al trattamento ove previsto dalla normativa applicabile;<\/li>&#13;\n<li>la revoca del Suo consenso, nel caso in cui il trattamento sia fondato sul consenso;<\/li>&#13;\n<li>la limitazione del modo in cui la Societ\u00e0 tratta i Suoi dati personali, nei limiti previsti dalla normativa vigente.<\/li>&#13;\n<\/ul>&#13;\n<p>L\u2019esercizio di tali diritti soggiace ad alcune eccezioni finalizzate alla salvaguardia dell\u2019interesse pubblico (ad esempio la prevenzione o l\u2019identificazione di crimini) e di interessi della Societ\u00e0. Nel caso in cui Lei esercitasse uno qualsiasi dei summenzionati diritti, sar\u00e0 onere della Societ\u00e0 verificare che Lei sia legittimato ad esercitarlo e Le sar\u00e0 dato riscontro, di regola, entro trenta giorni calendariali e consecutivi.<\/p>&#13;\n<p>Per eventuali reclami o segnalazioni sulle modalit\u00e0 di trattamento dei Suoi dati la Societ\u00e0 far\u00e0 ogni sforzo per rispondere alle sue preoccupazioni. Tuttavia, se lo desidera, Lei potr\u00e0 inoltrare reclami o segnalazioni all\u2019autorit\u00e0 responsabile della protezione dei dati, Garante per la protezione dei dati personali, utilizzando i recapiti presenti sul sito <a href=\"http:\/\/www.garanteprivacy.it\">www.garanteprivacy.it<\/a>.<\/p>&#13;\n","protected":false},"excerpt":{"rendered":"<p>&#13; Privacy Notice for Application and Employment in accordance with the General Data Protection Regulation (&#8220;GDPR&#8221;)&#13; About Us&#13; La societ\u00e0 CIBUSALUS S.r.l.\u00a0(d\u2019ora in poi\u00a0\u201cCibuSalus\u201d o la\u00a0\u201cSociet\u00e0\u201d),\u00a0titolare del trattamento dei dati personali raccolti sul sito web www.cibusalus.eu (di seguito anche solo il\u00a0\u201csito web\u201d), nello svolgimento della propria attivit\u00e0 pone la massima attenzione alla sicurezza e alla [&hellip;]<\/p>\n","protected":false},"author":1,"featured_media":0,"parent":0,"menu_order":0,"comment_status":"closed","ping_status":"closed","template":"","meta":{"_et_pb_use_builder":"on","_et_pb_old_content":"","_et_gb_content_width":"","footnotes":""},"dipi_cpt_category":[],"class_list":["post-19385","page","type-page","status-publish","hentry"],"yoast_head":"<!-- This site is optimized with the Yoast SEO plugin v27.4 - https:\/\/yoast.com\/product\/yoast-seo-wordpress\/ -->\n<title>Privacy Policy - CibuSalus<\/title>\n<meta name=\"robots\" content=\"index, follow, max-snippet:-1, max-image-preview:large, max-video-preview:-1\" \/>\n<link rel=\"canonical\" href=\"https:\/\/cibusalus.eu\/en\/privacy-policy\/\" \/>\n<meta property=\"og:locale\" content=\"en_US\" \/>\n<meta property=\"og:type\" content=\"article\" \/>\n<meta property=\"og:title\" content=\"Privacy Policy - CibuSalus\" \/>\n<meta property=\"og:description\" content=\"&#013; Privacy Notice for Application and Employment in accordance with the General Data Protection Regulation (&quot;GDPR&quot;)&#013; About Us&#013; La societ\u00e0 CIBUSALUS S.r.l.\u00a0(d\u2019ora in poi\u00a0\u201cCibuSalus\u201d o la\u00a0\u201cSociet\u00e0\u201d),\u00a0titolare del trattamento dei dati personali raccolti sul sito web www.cibusalus.eu (di seguito anche solo il\u00a0\u201csito web\u201d), nello svolgimento della propria attivit\u00e0 pone la massima attenzione alla sicurezza e alla [&hellip;]\" \/>\n<meta property=\"og:url\" content=\"https:\/\/cibusalus.eu\/en\/privacy-policy\/\" \/>\n<meta property=\"og:site_name\" content=\"CibuSalus\" \/>\n<meta property=\"article:modified_time\" content=\"2024-09-10T14:37:59+00:00\" \/>\n<meta name=\"twitter:card\" content=\"summary_large_image\" \/>\n<meta name=\"twitter:label1\" content=\"Est. reading time\" \/>\n\t<meta name=\"twitter:data1\" content=\"8 minutes\" \/>\n<script type=\"application\/ld+json\" class=\"yoast-schema-graph\">{\"@context\":\"https:\\\/\\\/schema.org\",\"@graph\":[{\"@type\":\"WebPage\",\"@id\":\"https:\\\/\\\/cibusalus.eu\\\/en\\\/privacy-policy\\\/\",\"url\":\"https:\\\/\\\/cibusalus.eu\\\/en\\\/privacy-policy\\\/\",\"name\":\"Privacy Policy - CibuSalus\",\"isPartOf\":{\"@id\":\"https:\\\/\\\/cibusalus.eu\\\/en\\\/#website\"},\"datePublished\":\"2024-02-14T15:00:55+00:00\",\"dateModified\":\"2024-09-10T14:37:59+00:00\",\"breadcrumb\":{\"@id\":\"https:\\\/\\\/cibusalus.eu\\\/en\\\/privacy-policy\\\/#breadcrumb\"},\"inLanguage\":\"en-US\",\"potentialAction\":[{\"@type\":\"ReadAction\",\"target\":[\"https:\\\/\\\/cibusalus.eu\\\/en\\\/privacy-policy\\\/\"]}]},{\"@type\":\"BreadcrumbList\",\"@id\":\"https:\\\/\\\/cibusalus.eu\\\/en\\\/privacy-policy\\\/#breadcrumb\",\"itemListElement\":[{\"@type\":\"ListItem\",\"position\":1,\"name\":\"Home\",\"item\":\"https:\\\/\\\/cibusalus.eu\\\/en\\\/\"},{\"@type\":\"ListItem\",\"position\":2,\"name\":\"Privacy Policy\"}]},{\"@type\":\"WebSite\",\"@id\":\"https:\\\/\\\/cibusalus.eu\\\/en\\\/#website\",\"url\":\"https:\\\/\\\/cibusalus.eu\\\/en\\\/\",\"name\":\"CibuSalus\",\"description\":\"Consulenza ad enti e imprese che vogliano sviluppare progetti in ambito cibo e salute e valorizzare i prodotti locali.\",\"potentialAction\":[{\"@type\":\"SearchAction\",\"target\":{\"@type\":\"EntryPoint\",\"urlTemplate\":\"https:\\\/\\\/cibusalus.eu\\\/en\\\/?s={search_term_string}\"},\"query-input\":{\"@type\":\"PropertyValueSpecification\",\"valueRequired\":true,\"valueName\":\"search_term_string\"}}],\"inLanguage\":\"en-US\"}]}<\/script>\n<!-- \/ Yoast SEO plugin. -->","yoast_head_json":{"title":"Privacy Policy - CibuSalus","robots":{"index":"index","follow":"follow","max-snippet":"max-snippet:-1","max-image-preview":"max-image-preview:large","max-video-preview":"max-video-preview:-1"},"canonical":"https:\/\/cibusalus.eu\/en\/privacy-policy\/","og_locale":"en_US","og_type":"article","og_title":"Privacy Policy - CibuSalus","og_description":"&#13; Privacy Notice for Application and Employment in accordance with the General Data Protection Regulation (\"GDPR\")&#13; About Us&#13; La societ\u00e0 CIBUSALUS S.r.l.\u00a0(d\u2019ora in poi\u00a0\u201cCibuSalus\u201d o la\u00a0\u201cSociet\u00e0\u201d),\u00a0titolare del trattamento dei dati personali raccolti sul sito web www.cibusalus.eu (di seguito anche solo il\u00a0\u201csito web\u201d), nello svolgimento della propria attivit\u00e0 pone la massima attenzione alla sicurezza e alla [&hellip;]","og_url":"https:\/\/cibusalus.eu\/en\/privacy-policy\/","og_site_name":"CibuSalus","article_modified_time":"2024-09-10T14:37:59+00:00","twitter_card":"summary_large_image","twitter_misc":{"Est. reading time":"8 minutes"},"schema":{"@context":"https:\/\/schema.org","@graph":[{"@type":"WebPage","@id":"https:\/\/cibusalus.eu\/en\/privacy-policy\/","url":"https:\/\/cibusalus.eu\/en\/privacy-policy\/","name":"Privacy Policy - CibuSalus","isPartOf":{"@id":"https:\/\/cibusalus.eu\/en\/#website"},"datePublished":"2024-02-14T15:00:55+00:00","dateModified":"2024-09-10T14:37:59+00:00","breadcrumb":{"@id":"https:\/\/cibusalus.eu\/en\/privacy-policy\/#breadcrumb"},"inLanguage":"en-US","potentialAction":[{"@type":"ReadAction","target":["https:\/\/cibusalus.eu\/en\/privacy-policy\/"]}]},{"@type":"BreadcrumbList","@id":"https:\/\/cibusalus.eu\/en\/privacy-policy\/#breadcrumb","itemListElement":[{"@type":"ListItem","position":1,"name":"Home","item":"https:\/\/cibusalus.eu\/en\/"},{"@type":"ListItem","position":2,"name":"Privacy Policy"}]},{"@type":"WebSite","@id":"https:\/\/cibusalus.eu\/en\/#website","url":"https:\/\/cibusalus.eu\/en\/","name":"CibuSalus","description":"Consulenza ad enti e imprese che vogliano sviluppare progetti in ambito cibo e salute e valorizzare i prodotti locali.","potentialAction":[{"@type":"SearchAction","target":{"@type":"EntryPoint","urlTemplate":"https:\/\/cibusalus.eu\/en\/?s={search_term_string}"},"query-input":{"@type":"PropertyValueSpecification","valueRequired":true,"valueName":"search_term_string"}}],"inLanguage":"en-US"}]}},"_links":{"self":[{"href":"https:\/\/cibusalus.eu\/en\/wp-json\/wp\/v2\/pages\/19385","targetHints":{"allow":["GET"]}}],"collection":[{"href":"https:\/\/cibusalus.eu\/en\/wp-json\/wp\/v2\/pages"}],"about":[{"href":"https:\/\/cibusalus.eu\/en\/wp-json\/wp\/v2\/types\/page"}],"author":[{"embeddable":true,"href":"https:\/\/cibusalus.eu\/en\/wp-json\/wp\/v2\/users\/1"}],"replies":[{"embeddable":true,"href":"https:\/\/cibusalus.eu\/en\/wp-json\/wp\/v2\/comments?post=19385"}],"version-history":[{"count":1,"href":"https:\/\/cibusalus.eu\/en\/wp-json\/wp\/v2\/pages\/19385\/revisions"}],"predecessor-version":[{"id":19386,"href":"https:\/\/cibusalus.eu\/en\/wp-json\/wp\/v2\/pages\/19385\/revisions\/19386"}],"wp:attachment":[{"href":"https:\/\/cibusalus.eu\/en\/wp-json\/wp\/v2\/media?parent=19385"}],"wp:term":[{"taxonomy":"dipi_cpt_category","embeddable":true,"href":"https:\/\/cibusalus.eu\/en\/wp-json\/wp\/v2\/dipi_cpt_category?post=19385"}],"curies":[{"name":"wp","href":"https:\/\/api.w.org\/{rel}","templated":true}]}}